{"id":1464,"date":"2018-02-09T10:40:06","date_gmt":"2018-02-09T10:40:06","guid":{"rendered":"https:\/\/demo.themegrill.com\/colormag\/?page_id=285"},"modified":"2020-11-02T12:45:27","modified_gmt":"2020-11-02T15:45:27","slug":"contact-us-2","status":"publish","type":"page","link":"https:\/\/sinspeb.org.br\/?page_id=1464","title":{"rendered":"CONTATO"},"content":{"rendered":"<p><strong>Endere\u00e7o:<\/strong> Rua Fernando Menezes de G\u00f3es, n\u00b0 397, SL 503<br \/>\nEdif. Luc\u00edlio Cobas. Pituba. Salvador-BA. CEP: 41810-700<\/p>\n<p><strong>Ponto de Refer\u00eancia:<\/strong>\u00a0Pr\u00f3ximo ao Col\u00e9gio Integral<\/p>\n<p>&nbsp;<\/p>\n<p><strong>Telefone:\u00a0<\/strong>(71) 3322-3522<\/p>\n<p><strong>Celular: <\/strong>(71) 99105-9636<\/p>\n<p>&nbsp;<\/p>\n<p><strong>E-mail:<\/strong><\/p>\n<ul>\n<li>sinspeb@sinspeb.org.br<\/li>\n<li>sinspebba1991@gmail.com<\/li>\n<\/ul>\n<p>&nbsp;<\/p>\n<p><strong>EM CASO DE INFORMA\u00c7\u00d5ES, D\u00daVIDAS OU RECLAMA\u00c7\u00d5ES, PREENCHA O FORMUL\u00c1RIO ABAIXO E DEIXE SUA MENSAGEM!<\/strong><br \/>\nEstaremos sempre a disposi\u00e7\u00e3o \u00e0 atend\u00ea-lo o mais breve poss\u00edvel.<\/p>\n\n<div class=\"wpcf7 no-js\" id=\"wpcf7-f1642-o1\" lang=\"pt-BR\" dir=\"ltr\" data-wpcf7-id=\"1642\">\n<div class=\"screen-reader-response\"><p role=\"status\" aria-live=\"polite\" aria-atomic=\"true\"><\/p> <ul><\/ul><\/div>\n<form action=\"\/index.php?rest_route=%2Fwp%2Fv2%2Fpages%2F1464#wpcf7-f1642-o1\" method=\"post\" class=\"wpcf7-form init\" aria-label=\"Formul\u00e1rios de contato\" novalidate=\"novalidate\" data-status=\"init\">\n<fieldset class=\"hidden-fields-container\"><input type=\"hidden\" name=\"_wpcf7\" value=\"1642\" \/><input type=\"hidden\" name=\"_wpcf7_version\" value=\"6.1.3\" \/><input type=\"hidden\" name=\"_wpcf7_locale\" value=\"pt_BR\" \/><input type=\"hidden\" name=\"_wpcf7_unit_tag\" value=\"wpcf7-f1642-o1\" \/><input type=\"hidden\" name=\"_wpcf7_container_post\" value=\"0\" \/><input type=\"hidden\" name=\"_wpcf7_posted_data_hash\" value=\"\" \/>\n<\/fieldset>\n<p><label> Seu Nome<br \/>\n<span class=\"wpcf7-form-control-wrap\" data-name=\"your-name\"><input size=\"40\" maxlength=\"400\" class=\"wpcf7-form-control wpcf7-text wpcf7-validates-as-required\" aria-required=\"true\" aria-invalid=\"false\" value=\"\" type=\"text\" name=\"your-name\" \/><\/span> <\/label>\n<\/p>\n<p><label> Seu e-mail<br \/>\n<span class=\"wpcf7-form-control-wrap\" data-name=\"your-email\"><input size=\"40\" maxlength=\"400\" class=\"wpcf7-form-control wpcf7-email wpcf7-validates-as-required wpcf7-text wpcf7-validates-as-email\" aria-required=\"true\" aria-invalid=\"false\" value=\"\" type=\"email\" name=\"your-email\" \/><\/span> <\/label>\n<\/p>\n<p><label> Assunto<br \/>\n<span class=\"wpcf7-form-control-wrap\" data-name=\"your-subject\"><input size=\"40\" maxlength=\"400\" class=\"wpcf7-form-control wpcf7-text wpcf7-validates-as-required\" aria-required=\"true\" aria-invalid=\"false\" value=\"\" type=\"text\" name=\"your-subject\" \/><\/span> <\/label>\n<\/p>\n<p><label> Mensagem<br \/>\n<span class=\"wpcf7-form-control-wrap\" data-name=\"your-message\"><textarea cols=\"40\" rows=\"10\" maxlength=\"2000\" class=\"wpcf7-form-control wpcf7-textarea\" aria-invalid=\"false\" name=\"your-message\"><\/textarea><\/span> <\/label>\n<\/p>\n<p><input class=\"wpcf7-form-control wpcf7-submit has-spinner\" type=\"submit\" value=\"Enviar\" \/>\n<\/p><div class=\"wpcf7-response-output\" aria-hidden=\"true\"><\/div>\n<\/form>\n<\/div>\n\n<p>&nbsp;<\/p>\n","protected":false},"excerpt":{"rendered":"<p>Endere\u00e7o: Rua Fernando Menezes de G\u00f3es, n\u00b0 397, SL 503 Edif. Luc\u00edlio Cobas. Pituba. Salvador-BA. CEP: 41810-700 Ponto de Refer\u00eancia:\u00a0Pr\u00f3ximo<\/p>\n","protected":false},"author":1,"featured_media":0,"parent":0,"menu_order":0,"comment_status":"closed","ping_status":"closed","template":"","meta":{"colormag_page_container_layout":"default_layout","colormag_page_sidebar_layout":"default_layout","footnotes":""},"class_list":["post-1464","page","type-page","status-publish","hentry"],"_links":{"self":[{"href":"https:\/\/sinspeb.org.br\/index.php?rest_route=\/wp\/v2\/pages\/1464","targetHints":{"allow":["GET"]}}],"collection":[{"href":"https:\/\/sinspeb.org.br\/index.php?rest_route=\/wp\/v2\/pages"}],"about":[{"href":"https:\/\/sinspeb.org.br\/index.php?rest_route=\/wp\/v2\/types\/page"}],"author":[{"embeddable":true,"href":"https:\/\/sinspeb.org.br\/index.php?rest_route=\/wp\/v2\/users\/1"}],"replies":[{"embeddable":true,"href":"https:\/\/sinspeb.org.br\/index.php?rest_route=%2Fwp%2Fv2%2Fcomments&post=1464"}],"version-history":[{"count":7,"href":"https:\/\/sinspeb.org.br\/index.php?rest_route=\/wp\/v2\/pages\/1464\/revisions"}],"predecessor-version":[{"id":1711,"href":"https:\/\/sinspeb.org.br\/index.php?rest_route=\/wp\/v2\/pages\/1464\/revisions\/1711"}],"wp:attachment":[{"href":"https:\/\/sinspeb.org.br\/index.php?rest_route=%2Fwp%2Fv2%2Fmedia&parent=1464"}],"curies":[{"name":"wp","href":"https:\/\/api.w.org\/{rel}","templated":true}]}}